{"id":375,"date":"2025-07-04T12:57:38","date_gmt":"2025-07-04T15:57:38","guid":{"rendered":"https:\/\/madeireirabrauna.com.br\/?page_id=375"},"modified":"2025-07-04T13:06:57","modified_gmt":"2025-07-04T16:06:57","slug":"chale-brauna-1","status":"publish","type":"page","link":"https:\/\/madeireirabrauna.com.br\/?page_id=375","title":{"rendered":"CHALE BRA\u00daNA 1"},"content":{"rendered":"\t\t<div data-elementor-type=\"wp-page\" data-elementor-id=\"375\" class=\"elementor elementor-375\" data-elementor-post-type=\"page\">\n\t\t\t\t<div class=\"elementor-element elementor-element-683a842 e-flex e-con-boxed e-con e-parent\" data-id=\"683a842\" data-element_type=\"container\">\n\t\t\t\t\t<div class=\"e-con-inner\">\n\t\t\t\t<div class=\"elementor-element elementor-element-bc10bfc elementor-widget elementor-widget-heading\" data-id=\"bc10bfc\" data-element_type=\"widget\" data-widget_type=\"heading.default\">\n\t\t\t\t<div class=\"elementor-widget-container\">\n\t\t\t<style>\/*! elementor - v3.23.0 - 05-08-2024 *\/\n.elementor-heading-title{padding:0;margin:0;line-height:1}.elementor-widget-heading .elementor-heading-title[class*=elementor-size-]>a{color:inherit;font-size:inherit;line-height:inherit}.elementor-widget-heading .elementor-heading-title.elementor-size-small{font-size:15px}.elementor-widget-heading .elementor-heading-title.elementor-size-medium{font-size:19px}.elementor-widget-heading .elementor-heading-title.elementor-size-large{font-size:29px}.elementor-widget-heading .elementor-heading-title.elementor-size-xl{font-size:39px}.elementor-widget-heading .elementor-heading-title.elementor-size-xxl{font-size:59px}<\/style><h2 class=\"elementor-heading-title elementor-size-default\">CHAL\u00c9 BRA\u00daNA 1<\/h2>\t\t<\/div>\n\t\t\t\t<\/div>\n\t\t\t\t\t<\/div>\n\t\t\t\t<\/div>\n\t\t<div class=\"elementor-element elementor-element-2e07ae3 e-flex e-con-boxed e-con e-parent\" data-id=\"2e07ae3\" data-element_type=\"container\">\n\t\t\t\t\t<div class=\"e-con-inner\">\n\t\t<div class=\"elementor-element elementor-element-59874a7 e-con-full e-flex e-con e-child\" data-id=\"59874a7\" data-element_type=\"container\">\n\t\t\t\t<div class=\"elementor-element elementor-element-a5ba06a elementor-widget elementor-widget-heading\" data-id=\"a5ba06a\" data-element_type=\"widget\" data-widget_type=\"heading.default\">\n\t\t\t\t<div class=\"elementor-widget-container\">\n\t\t\t<h2 class=\"elementor-heading-title elementor-size-default\">Tiny House Funcional<br><br>\nO Chal\u00e9 Bra\u00fana 1 \u00e9 uma constru\u00e7\u00e3o modular feita com madeira\ntratada, ideal para quem busca uma solu\u00e7\u00e3o vers\u00e1til \u2014 seja para\nmorar, empreender ou relaxar. Seu design inteligente, que\nvaloriza a integra\u00e7\u00e3o com a natureza, oferece conforto e\npraticidade em um \u00fanico espa\u00e7o acolhedor.<\/h2>\t\t<\/div>\n\t\t\t\t<\/div>\n\t\t\t\t<div class=\"elementor-element elementor-element-2969015 elementor-widget elementor-widget-heading\" data-id=\"2969015\" data-element_type=\"widget\" data-widget_type=\"heading.default\">\n\t\t\t\t<div class=\"elementor-widget-container\">\n\t\t\t<h2 class=\"elementor-heading-title elementor-size-default\">METRAGEM<\/h2>\t\t<\/div>\n\t\t\t\t<\/div>\n\t\t\t\t<div class=\"elementor-element elementor-element-60423f9 elementor-widget elementor-widget-heading\" data-id=\"60423f9\" data-element_type=\"widget\" data-widget_type=\"heading.default\">\n\t\t\t\t<div class=\"elementor-widget-container\">\n\t\t\t<h2 class=\"elementor-heading-title elementor-size-default\">\u00c1REA TOTAL: 25,52m2<br><br>\nCasa: 19,57m2<br><br>\nVaranda: 5,95 m2<br><br>\nAcabamento interno e externo em madeira nobre tratada<\/h2>\t\t<\/div>\n\t\t\t\t<\/div>\n\t\t\t\t<\/div>\n\t\t<div class=\"elementor-element elementor-element-734a460 e-con-full e-flex e-con e-child\" data-id=\"734a460\" data-element_type=\"container\">\n\t\t\t\t<div class=\"elementor-element elementor-element-37a2129 elementor-widget elementor-widget-image\" data-id=\"37a2129\" data-element_type=\"widget\" data-widget_type=\"image.default\">\n\t\t\t\t<div class=\"elementor-widget-container\">\n\t\t\t<style>\/*! elementor - v3.23.0 - 05-08-2024 *\/\n.elementor-widget-image{text-align:center}.elementor-widget-image a{display:inline-block}.elementor-widget-image a img[src$=\".svg\"]{width:48px}.elementor-widget-image img{vertical-align:middle;display:inline-block}<\/style>\t\t\t\t\t\t\t\t\t\t<img fetchpriority=\"high\" decoding=\"async\" width=\"800\" height=\"450\" src=\"https:\/\/madeireirabrauna.com.br\/wp-content\/uploads\/2025\/07\/8-1024x576.png\" class=\"attachment-large size-large wp-image-377\" alt=\"\" srcset=\"https:\/\/madeireirabrauna.com.br\/wp-content\/uploads\/2025\/07\/8-1024x576.png 1024w, https:\/\/madeireirabrauna.com.br\/wp-content\/uploads\/2025\/07\/8-300x169.png 300w, https:\/\/madeireirabrauna.com.br\/wp-content\/uploads\/2025\/07\/8-768x432.png 768w, https:\/\/madeireirabrauna.com.br\/wp-content\/uploads\/2025\/07\/8-1536x864.png 1536w, https:\/\/madeireirabrauna.com.br\/wp-content\/uploads\/2025\/07\/8.png 1920w\" sizes=\"(max-width: 800px) 100vw, 800px\" \/>\t\t\t\t\t\t\t\t\t\t\t\t\t<\/div>\n\t\t\t\t<\/div>\n\t\t\t\t<\/div>\n\t\t\t\t\t<\/div>\n\t\t\t\t<\/div>\n\t\t<div class=\"elementor-element elementor-element-198ba2f e-flex e-con-boxed e-con e-parent\" data-id=\"198ba2f\" data-element_type=\"container\">\n\t\t\t\t\t<div class=\"e-con-inner\">\n\t\t\t\t<div class=\"elementor-element elementor-element-8eda2bc elementor-widget elementor-widget-heading\" data-id=\"8eda2bc\" data-element_type=\"widget\" data-widget_type=\"heading.default\">\n\t\t\t\t<div class=\"elementor-widget-container\">\n\t\t\t<h2 class=\"elementor-heading-title elementor-size-default\">Com estrutura totalmente elevada, o chal\u00e9 oferece prote\u00e7\u00e3o contra a umidade do solo e garante maior durabilidade. Seu interior conta com um quarto integrado aos demais ambientes, banheiro completo com box em vidro temperado, e uma cozinha pr\u00e1tica com bancada funcional. A \u00e1rea de servi\u00e7o \u00e9 otimizada para facilitar o dia a dia, enquanto a varanda coberta, com guarda-corpo e rampa acess\u00edvel, proporciona conforto e seguran\u00e7a. As janelas amplas em vidro temperado garantem ilumina\u00e7\u00e3o natural e um toque de sofistica\u00e7\u00e3o.<\/h2>\t\t<\/div>\n\t\t\t\t<\/div>\n\t\t\t\t\t<\/div>\n\t\t\t\t<\/div>\n\t\t<div class=\"elementor-element elementor-element-d88d00a e-flex e-con-boxed e-con e-parent\" data-id=\"d88d00a\" data-element_type=\"container\">\n\t\t\t\t\t<div class=\"e-con-inner\">\n\t\t<div class=\"elementor-element elementor-element-324c336 e-con-full e-flex e-con e-child\" data-id=\"324c336\" data-element_type=\"container\">\n\t\t\t\t<div class=\"elementor-element elementor-element-3cdda17 elementor-widget elementor-widget-image\" data-id=\"3cdda17\" data-element_type=\"widget\" data-widget_type=\"image.default\">\n\t\t\t\t<div class=\"elementor-widget-container\">\n\t\t\t\t\t\t\t\t\t\t\t\t\t<img decoding=\"async\" width=\"1536\" height=\"864\" src=\"https:\/\/madeireirabrauna.com.br\/wp-content\/uploads\/2025\/07\/2-1536x864.png\" class=\"attachment-1536x1536 size-1536x1536 wp-image-379\" alt=\"\" srcset=\"https:\/\/madeireirabrauna.com.br\/wp-content\/uploads\/2025\/07\/2-1536x864.png 1536w, https:\/\/madeireirabrauna.com.br\/wp-content\/uploads\/2025\/07\/2-300x169.png 300w, https:\/\/madeireirabrauna.com.br\/wp-content\/uploads\/2025\/07\/2-1024x576.png 1024w, https:\/\/madeireirabrauna.com.br\/wp-content\/uploads\/2025\/07\/2-768x432.png 768w, https:\/\/madeireirabrauna.com.br\/wp-content\/uploads\/2025\/07\/2.png 1920w\" sizes=\"(max-width: 1536px) 100vw, 1536px\" \/>\t\t\t\t\t\t\t\t\t\t\t\t\t<\/div>\n\t\t\t\t<\/div>\n\t\t\t\t<div class=\"elementor-element elementor-element-1067839 elementor-widget elementor-widget-image\" data-id=\"1067839\" data-element_type=\"widget\" data-widget_type=\"image.default\">\n\t\t\t\t<div class=\"elementor-widget-container\">\n\t\t\t\t\t\t\t\t\t\t\t\t\t<img decoding=\"async\" width=\"800\" height=\"450\" src=\"https:\/\/madeireirabrauna.com.br\/wp-content\/uploads\/2025\/07\/3-1024x576.png\" class=\"attachment-large size-large wp-image-380\" alt=\"\" srcset=\"https:\/\/madeireirabrauna.com.br\/wp-content\/uploads\/2025\/07\/3-1024x576.png 1024w, https:\/\/madeireirabrauna.com.br\/wp-content\/uploads\/2025\/07\/3-300x169.png 300w, https:\/\/madeireirabrauna.com.br\/wp-content\/uploads\/2025\/07\/3-768x432.png 768w, https:\/\/madeireirabrauna.com.br\/wp-content\/uploads\/2025\/07\/3-1536x864.png 1536w, https:\/\/madeireirabrauna.com.br\/wp-content\/uploads\/2025\/07\/3.png 1920w\" sizes=\"(max-width: 800px) 100vw, 800px\" \/>\t\t\t\t\t\t\t\t\t\t\t\t\t<\/div>\n\t\t\t\t<\/div>\n\t\t\t\t<div class=\"elementor-element elementor-element-f2406f6 elementor-widget elementor-widget-image\" data-id=\"f2406f6\" data-element_type=\"widget\" data-widget_type=\"image.default\">\n\t\t\t\t<div class=\"elementor-widget-container\">\n\t\t\t\t\t\t\t\t\t\t\t\t\t<img loading=\"lazy\" decoding=\"async\" width=\"800\" height=\"450\" src=\"https:\/\/madeireirabrauna.com.br\/wp-content\/uploads\/2025\/07\/6-1024x576.png\" class=\"attachment-large size-large wp-image-383\" alt=\"\" srcset=\"https:\/\/madeireirabrauna.com.br\/wp-content\/uploads\/2025\/07\/6-1024x576.png 1024w, https:\/\/madeireirabrauna.com.br\/wp-content\/uploads\/2025\/07\/6-300x169.png 300w, https:\/\/madeireirabrauna.com.br\/wp-content\/uploads\/2025\/07\/6-768x432.png 768w, https:\/\/madeireirabrauna.com.br\/wp-content\/uploads\/2025\/07\/6-1536x864.png 1536w, https:\/\/madeireirabrauna.com.br\/wp-content\/uploads\/2025\/07\/6.png 1920w\" sizes=\"(max-width: 800px) 100vw, 800px\" \/>\t\t\t\t\t\t\t\t\t\t\t\t\t<\/div>\n\t\t\t\t<\/div>\n\t\t\t\t<\/div>\n\t\t<div class=\"elementor-element elementor-element-52bee4e e-con-full e-flex e-con e-child\" data-id=\"52bee4e\" data-element_type=\"container\">\n\t\t\t\t<div class=\"elementor-element elementor-element-f88cd5e elementor-widget elementor-widget-image\" data-id=\"f88cd5e\" data-element_type=\"widget\" data-widget_type=\"image.default\">\n\t\t\t\t<div class=\"elementor-widget-container\">\n\t\t\t\t\t\t\t\t\t\t\t\t\t<img loading=\"lazy\" decoding=\"async\" width=\"800\" height=\"450\" src=\"https:\/\/madeireirabrauna.com.br\/wp-content\/uploads\/2025\/07\/7-1024x576.png\" class=\"attachment-large size-large wp-image-384\" alt=\"\" srcset=\"https:\/\/madeireirabrauna.com.br\/wp-content\/uploads\/2025\/07\/7-1024x576.png 1024w, https:\/\/madeireirabrauna.com.br\/wp-content\/uploads\/2025\/07\/7-300x169.png 300w, https:\/\/madeireirabrauna.com.br\/wp-content\/uploads\/2025\/07\/7-768x432.png 768w, https:\/\/madeireirabrauna.com.br\/wp-content\/uploads\/2025\/07\/7-1536x864.png 1536w, https:\/\/madeireirabrauna.com.br\/wp-content\/uploads\/2025\/07\/7.png 1920w\" sizes=\"(max-width: 800px) 100vw, 800px\" \/>\t\t\t\t\t\t\t\t\t\t\t\t\t<\/div>\n\t\t\t\t<\/div>\n\t\t\t\t<div class=\"elementor-element elementor-element-67b5cbc elementor-widget elementor-widget-image\" data-id=\"67b5cbc\" data-element_type=\"widget\" data-widget_type=\"image.default\">\n\t\t\t\t<div class=\"elementor-widget-container\">\n\t\t\t\t\t\t\t\t\t\t\t\t\t<img loading=\"lazy\" decoding=\"async\" width=\"800\" height=\"450\" src=\"https:\/\/madeireirabrauna.com.br\/wp-content\/uploads\/2025\/07\/9-1024x576.png\" class=\"attachment-large size-large wp-image-386\" alt=\"\" srcset=\"https:\/\/madeireirabrauna.com.br\/wp-content\/uploads\/2025\/07\/9-1024x576.png 1024w, https:\/\/madeireirabrauna.com.br\/wp-content\/uploads\/2025\/07\/9-300x169.png 300w, https:\/\/madeireirabrauna.com.br\/wp-content\/uploads\/2025\/07\/9-768x432.png 768w, https:\/\/madeireirabrauna.com.br\/wp-content\/uploads\/2025\/07\/9-1536x864.png 1536w, https:\/\/madeireirabrauna.com.br\/wp-content\/uploads\/2025\/07\/9.png 1920w\" sizes=\"(max-width: 800px) 100vw, 800px\" \/>\t\t\t\t\t\t\t\t\t\t\t\t\t<\/div>\n\t\t\t\t<\/div>\n\t\t\t\t<div class=\"elementor-element elementor-element-65cc984 elementor-widget elementor-widget-image\" data-id=\"65cc984\" data-element_type=\"widget\" data-widget_type=\"image.default\">\n\t\t\t\t<div class=\"elementor-widget-container\">\n\t\t\t\t\t\t\t\t\t\t\t\t\t<img fetchpriority=\"high\" decoding=\"async\" width=\"800\" height=\"450\" src=\"https:\/\/madeireirabrauna.com.br\/wp-content\/uploads\/2025\/07\/8-1024x576.png\" class=\"attachment-large size-large wp-image-377\" alt=\"\" srcset=\"https:\/\/madeireirabrauna.com.br\/wp-content\/uploads\/2025\/07\/8-1024x576.png 1024w, https:\/\/madeireirabrauna.com.br\/wp-content\/uploads\/2025\/07\/8-300x169.png 300w, https:\/\/madeireirabrauna.com.br\/wp-content\/uploads\/2025\/07\/8-768x432.png 768w, https:\/\/madeireirabrauna.com.br\/wp-content\/uploads\/2025\/07\/8-1536x864.png 1536w, https:\/\/madeireirabrauna.com.br\/wp-content\/uploads\/2025\/07\/8.png 1920w\" sizes=\"(max-width: 800px) 100vw, 800px\" \/>\t\t\t\t\t\t\t\t\t\t\t\t\t<\/div>\n\t\t\t\t<\/div>\n\t\t\t\t<\/div>\n\t\t\t\t\t<\/div>\n\t\t\t\t<\/div>\n\t\t<div class=\"elementor-element elementor-element-0239511 e-flex e-con-boxed e-con e-parent\" data-id=\"0239511\" data-element_type=\"container\">\n\t\t\t\t\t<div class=\"e-con-inner\">\n\t\t\t\t<div class=\"elementor-element elementor-element-5d67ec3 elementor-align-center elementor-widget__width-inherit elementor-widget elementor-widget-button\" data-id=\"5d67ec3\" data-element_type=\"widget\" data-widget_type=\"button.default\">\n\t\t\t\t<div class=\"elementor-widget-container\">\n\t\t\t\t\t<div class=\"elementor-button-wrapper\">\n\t\t\t<a class=\"elementor-button elementor-button-link elementor-size-sm elementor-animation-grow\" href=\"https:\/\/wa.me\/556133390014?text=Ol%C3%A1%2C+vim+pelo+site+e+gostaria+de+saber+mais+sobre+as+CASAS+PERSONALIZADAS+NO+WOOD+FRAME%3F\">\n\t\t\t\t\t\t<span class=\"elementor-button-content-wrapper\">\n\t\t\t\t\t\t\t\t\t<span class=\"elementor-button-text\">FALE COM UM VENDEDOR<\/span>\n\t\t\t\t\t<\/span>\n\t\t\t\t\t<\/a>\n\t\t<\/div>\n\t\t\t\t<\/div>\n\t\t\t\t<\/div>\n\t\t\t\t\t<\/div>\n\t\t\t\t<\/div>\n\t\t\t\t<\/div>\n\t\t","protected":false},"excerpt":{"rendered":"<p>CHAL\u00c9 BRA\u00daNA 1 Tiny House Funcional O Chal\u00e9 Bra\u00fana 1 \u00e9 uma constru\u00e7\u00e3o modular feita com madeira tratada, ideal para quem busca uma solu\u00e7\u00e3o vers\u00e1til \u2014 seja para morar, empreender ou relaxar. Seu design inteligente, que valoriza a integra\u00e7\u00e3o com a natureza, oferece conforto e praticidade em um \u00fanico espa\u00e7o acolhedor. METRAGEM \u00c1REA TOTAL: 25,52m2 [&hellip;]<\/p>\n","protected":false},"author":1,"featured_media":0,"parent":0,"menu_order":0,"comment_status":"closed","ping_status":"closed","template":"","meta":{"_joinchat":[],"footnotes":""},"class_list":["post-375","page","type-page","status-publish","hentry"],"_links":{"self":[{"href":"https:\/\/madeireirabrauna.com.br\/index.php?rest_route=\/wp\/v2\/pages\/375","targetHints":{"allow":["GET"]}}],"collection":[{"href":"https:\/\/madeireirabrauna.com.br\/index.php?rest_route=\/wp\/v2\/pages"}],"about":[{"href":"https:\/\/madeireirabrauna.com.br\/index.php?rest_route=\/wp\/v2\/types\/page"}],"author":[{"embeddable":true,"href":"https:\/\/madeireirabrauna.com.br\/index.php?rest_route=\/wp\/v2\/users\/1"}],"replies":[{"embeddable":true,"href":"https:\/\/madeireirabrauna.com.br\/index.php?rest_route=%2Fwp%2Fv2%2Fcomments&post=375"}],"version-history":[{"count":7,"href":"https:\/\/madeireirabrauna.com.br\/index.php?rest_route=\/wp\/v2\/pages\/375\/revisions"}],"predecessor-version":[{"id":394,"href":"https:\/\/madeireirabrauna.com.br\/index.php?rest_route=\/wp\/v2\/pages\/375\/revisions\/394"}],"wp:attachment":[{"href":"https:\/\/madeireirabrauna.com.br\/index.php?rest_route=%2Fwp%2Fv2%2Fmedia&parent=375"}],"curies":[{"name":"wp","href":"https:\/\/api.w.org\/{rel}","templated":true}]}}